{"id":109,"date":"2025-02-12T14:54:43","date_gmt":"2025-02-12T14:54:43","guid":{"rendered":"https:\/\/horaciocornelli.com\/facultad\/?page_id=109"},"modified":"2025-09-07T11:52:17","modified_gmt":"2025-09-07T14:52:17","slug":"conferencias","status":"publish","type":"page","link":"https:\/\/horaciocornelli.com\/facultad\/conferencias\/","title":{"rendered":"Conferencias en vivo"},"content":{"rendered":"\n<p>\u00abSer padres no viene con experiencia, pero s\u00ed puedes prepararte para guiar, amar y formar a tu familia con sabidur\u00eda.\u00bb Tenemos el agrado de invitarte a participar del curso Escuela para Padres, un programa dise\u00f1ado para brindar herramientas concretas a padres y madres que desean construir un hogar s\u00f3lido, lleno de amor, respeto y prevenci\u00f3n, en el que participaremos de encuentros din\u00e1micos con contenidos claros y aplicables.<\/p>\n\n\n\n<div align=\"center\"><iframe style=\"width: 540px; height: 310px;\" src=\"https:\/\/playerv.livecastv.com\/video\/retornotv2\/1\/true\/false\/c3RtdmlkZW82LmxpdmVjYXN0di5jb20rMQ==\/14:3\/\/nao\" frameborder=\"0\" scrolling=\"no\" allowfullscreen=\"allowfullscreen\"><\/iframe><\/div>\n\n\n\n<div align=\"center\">\n<p>Lo que se transmite en esta pantalla tambi\u00e9n sale en vivo por el Streaming www.horaciocornelli.com<\/p>\n<p>Esta es la Opci\u00f3n 1 para ver la transmisi\u00f3n. Debido al gran n\u00famero de estudiantes que ingresan al streaming hemos habilitado una segunda opci\u00f3n para el streaming. Si usted ve que se satura este streaming, ingrese a la otra pantalla de la opci\u00f3n 2 que se encuentra debajo del formulario de asistencia. Gracias&nbsp;<\/p>\n<\/div>\n\n\n\n<p><\/p>\n\n\n\n<hr class=\"wp-block-separator has-alpha-channel-opacity\"\/>\n\n\n\n<p><\/p>\n\n\n\n<hr class=\"wp-block-separator has-alpha-channel-opacity\"\/>\n\n\n\n<p><\/p>\n\n\n\n<hr class=\"wp-block-separator has-alpha-channel-opacity\"\/>\n\n\n\n<p><strong>Opcion 2 Streaming<\/strong><\/p>\n\n\n\n<p>Si usa esta opci\u00f3n 2, Por favor verifique que no este funcionando la Opci\u00f3n 1<\/p>\n\n\n\n<div align=\"center\"><iframe style=\"width: 540px; height: 310px;\" src=\"https:\/\/playerv.livecastv.com\/video\/retornotv\/1\/true\/false\/c3RtdmlkZW8xLmxpdmVjYXN0di5jb20rMQ==\/4:3\/\/nao\" frameborder=\"0\" scrolling=\"no\" allowfullscreen=\"allowfullscreen\"><\/iframe><\/div>\n","protected":false},"excerpt":{"rendered":"<p>\u00abSer padres no viene con experiencia, pero s\u00ed puedes prepararte para guiar, amar y formar a tu familia con sabidur\u00eda.\u00bb Tenemos el agrado de invitarte a participar del curso Escuela para Padres, un programa dise\u00f1ado para brindar herramientas concretas a padres y madres que desean construir un hogar s\u00f3lido, lleno de amor, respeto y prevenci\u00f3n, [&hellip;]<\/p>\n","protected":false},"author":2,"featured_media":0,"parent":0,"menu_order":0,"comment_status":"closed","ping_status":"closed","template":"","meta":{"footnotes":""},"class_list":["post-109","page","type-page","status-publish","hentry"],"_links":{"self":[{"href":"https:\/\/horaciocornelli.com\/facultad\/wp-json\/wp\/v2\/pages\/109","targetHints":{"allow":["GET"]}}],"collection":[{"href":"https:\/\/horaciocornelli.com\/facultad\/wp-json\/wp\/v2\/pages"}],"about":[{"href":"https:\/\/horaciocornelli.com\/facultad\/wp-json\/wp\/v2\/types\/page"}],"author":[{"embeddable":true,"href":"https:\/\/horaciocornelli.com\/facultad\/wp-json\/wp\/v2\/users\/2"}],"replies":[{"embeddable":true,"href":"https:\/\/horaciocornelli.com\/facultad\/wp-json\/wp\/v2\/comments?post=109"}],"version-history":[{"count":79,"href":"https:\/\/horaciocornelli.com\/facultad\/wp-json\/wp\/v2\/pages\/109\/revisions"}],"predecessor-version":[{"id":1055,"href":"https:\/\/horaciocornelli.com\/facultad\/wp-json\/wp\/v2\/pages\/109\/revisions\/1055"}],"wp:attachment":[{"href":"https:\/\/horaciocornelli.com\/facultad\/wp-json\/wp\/v2\/media?parent=109"}],"curies":[{"name":"wp","href":"https:\/\/api.w.org\/{rel}","templated":true}]}}