{"id":289,"date":"2025-02-13T14:20:44","date_gmt":"2025-02-13T14:20:44","guid":{"rendered":"https:\/\/horaciocornelli.com\/facultad\/?page_id=289"},"modified":"2025-02-13T14:48:02","modified_gmt":"2025-02-13T14:48:02","slug":"sanidad-interior","status":"publish","type":"page","link":"https:\/\/horaciocornelli.com\/facultad\/sanidad-interior\/","title":{"rendered":"Sanidad Interior"},"content":{"rendered":"\n<p><strong><strong>Curso: Sanidad Interior \u2013 Sanados para sanar<\/strong><\/strong><\/p>\n\n\n\n<p>Se trata de un Curso b\u00edblico breve, teol\u00f3gico y pr\u00e1ctico, que ofrece capacitar a cada Consejero B\u00edblico para que pueda servir a la Iglesia mediante la Sanidad Interior de las personas, teniendo en cuenta que las personas llegan a la iglesia con un pasado que ha dejado huellas y heridas en su vida.<\/p>\n\n\n\n<p>Teniendo en cuenta que el principal ministerio debe ser la ense\u00f1anza, creemos en una funci\u00f3n pastoral que capacita, es decir, que ense\u00f1a a las personas a resolver sus propios problemas, brind\u00e1ndoles las herramientas necesarias para hacerlo.<\/p>\n\n\n\n<p>Ese objetivo se ha de lograr a trav\u00e9s de un profundo estudio de los aspectos relacionados con los fundamentos b\u00edblicos y el desarrollo del proceso de sanidad interior de las personas.<\/p>\n\n\n\n<p>Esta secuencia de clases satisface los requerimientos de estudios para un efectivo entrenamiento ministerial en un contexto espiritual, pr\u00e1ctico y acad\u00e9mico al mismo tiempo.<\/p>\n\n\n\n<p>El \u201cCurso b\u00edblico de sanidad interior: \u2018Sanados para sanar\u2019\u201d es un programa de estudios de un total de diez (10) clases, equivalente a dos meses y medio (2 y \u00bd) de duraci\u00f3n total.<\/p>\n\n\n\n<hr class=\"wp-block-separator has-alpha-channel-opacity\"\/>\n\n\n<style id=\"sp_tab_dynamic_style313\">#sp-tabpro-wrapper_313.sp-tab__lay-default .sp-tab__tab-content {width: 100%;}#sp-tabpro-wrapper_313 .animated {-webkit-animation-duration: 500ms;animation-duration: 500ms;}#sp-wp-tabs-wrapper_313 .sp-tab__nav {justify-content: start;}#sp-wp-tabs-wrapper_313.sp-tab__lay-default.sp-tab__horizontal-bottom {display: flex;flex-direction: column-reverse;}#sp-wp-tabs-wrapper_313.sp-tab__lay-default.sp-tab__horizontal-bottom > ul {border-top: 1px solid #cccccc;border-bottom: 0;margin-top: 0;}#sp-wp-tabs-wrapper_313.sp-tab__lay-default.sp-tab__horizontal-bottom > ul > li .sp-tab__nav-link.sp-tab__active {border-color: transparent #cccccc#cccccc;margin-top: -1px;}#sp-wp-tabs-wrapper_313.sp-tab__lay-default.sp-tab__horizontal-bottom > ul > li .sp-tab__nav-link,#sp-wp-tabs-wrapper_313.sp-tab__lay-default.sp-tab__horizontal-bottom > ul > li a,#sp-wp-tabs-wrapper_313.sp-tab__lay-default.sp-tab__horizontal-bottom > ul > .sp-tab__nav-item {border-top: 0;border-top-left-radius: 0;border-top-right-radius: 0;border-bottom-left-radius: 2px;border-bottom-right-radius: 2px;}#sp-wp-tabs-wrapper_313.sp-tab__lay-default.sp-tab__horizontal-bottom > ul {border-bottom: none;}#sp-wp-tabs-wrapper_313.sp-tab__lay-default.sp-tab__horizontal-bottom .sp-tab__tab-content .sp-tab__tab-pane {border-top: 1px solid #cccccc;border-bottom: 0;}#sp-wp-tabs-wrapper_313.sp-tab__lay-default .sp-tab__tab-content .sp-tab-content > ul,#sp-wp-tabs-wrapper_313.sp-tab__lay-default .sp-tab__tab-content .sp-tab-content > ol {border-bottom: none;}#sp-wp-tabs-wrapper_313 > .sp-tab__nav-tabs .sp-tab__nav-link.sp-tab__active .sp-tab__tab_title,#sp-wp-tabs-wrapper_313.sp-tab__lay-default .sp-tab__nav-link > .sp-tab__card-header {color: #444;}#sp-wp-tabs-wrapper_313 .sp-tab__nav-tabs .sp-tab__nav-item.show .sp-tab__nav-link,#sp-wp-tabs-wrapper_313.sp-tab__lay-default ul li .sp-tab__nav-link.sp-tab__active {border-color: #cccccc#cccccc transparent;}#sp-wp-tabs-wrapper_313.sp-tab__lay-default > ul > li > .sp-tab__nav-link,#sp-wp-tabs-wrapper_313.sp-tab__lay-default > ul > li > a {cursor: pointer;border-color: #cccccc;padding-top: 15px;padding-right: 15px;padding-bottom: 15px;padding-left: 15px;}#sp-wp-tabs-wrapper_313 > .sp-tab__nav-tabs .sp-tab__nav-link {border: 1px solid #cccccc;height: 100%;}#sp-wp-tabs-wrapper_313.sp-tab__lay-default > ul > li .sp-tab__nav-link,#sp-wp-tabs-wrapper_313.sp-tab__lay-default > ul > li a,#sp-wp-tabs-wrapper_313.sp-tab__lay-default > ul > .sp-tab__nav-item {border-top-left-radius: 2px;border-top-right-radius: 2px;}#sp-wp-tabs-wrapper_313 .sp-tab__nav-tabs .sp-tab__nav-item {margin-bottom: -1px; }#sp-wp-tabs-wrapper_313.sp-tab__lay-default > ul .sp-tab__nav-item {margin-right: 10px;margin-top: 5px;}#sp-wp-tabs-wrapper_313.sp-tab__lay-default.sp-tab__horizontal-bottom > ul .sp-tab__nav-item {margin-right: 10px;margin-top: 0;}#sp-wp-tabs-wrapper_313.sp-tab__lay-default > ul .sp-tab__nav-item .sp-tab__nav-link:hover .sp-tab__tab_title,#sp-wp-tabs-wrapper_313.sp-tab__lay-default > ul .sp-tab__nav-item a:hover .sp-tab__tab_title,#sp-wp-tabs-wrapper_313.sp-tab__lay-default .sp-tab__nav-link.collapsed .sp-tab__card-header:hover {color: #444;transition: .3s;}#sp-wp-tabs-wrapper_313.sp-tab__lay-default > ul .sp-tab__nav-item,#sp-wp-tabs-wrapper_313.sp-tab__lay-default .sp-tab__nav-link.collapsed > .sp-tab__card-header {background-color: #eee;transition: 0.3s;}#sp-wp-tabs-wrapper_313 > .sp-tab__nav-tabs > .sp-tab__nav-item.show .sp-tab__nav-link,#sp-wp-tabs-wrapper_313 > .sp-tab__nav-tabs > .sp-tab__nav-item .sp-tab__nav-link.sp-tab__active,#sp-wp-tabs-wrapper_313.sp-tab__lay-default .sp-tab__nav-link > .sp-tab__card-header {background-color: #fff;}#sp-tabs-wrapper_313.sp-tab__lay-default > ul .sp-tab__nav-item .sp-tab__nav-link:not(.sp-tab__active):hover,#sp-tabs-wrapper_313.sp-tab__lay-default .sp-tab__tab-content > .sp-tab__tab-pane .sp-tab__card-header:hover {background-color: #fff;}#sp-wp-tabs-wrapper_313.sp-tab__lay-default > ul .sp-tab__nav-item:not(.sp-tab__active):hover,#sp-wp-tabs-wrapper_313.sp-tab__lay-default .sp-tab__nav-link.collapsed > .sp-tab__card-header:hover {background-color: #fff;}#sp-wp-tabs-wrapper_313.sp-tab__lay-default > ul .sp-tab__nav-item:last-child {margin-right: 0;}#sp-wp-tabs-wrapper_313.sp-tab__lay-default > .sp-tab__tab-content .sp-tab__tab-pane {border: 1px solid #cccccc;padding-top: 20px;padding-right: 20px;padding-bottom: 20px;padding-left: 20px;border-top: 0px;background-color: #ffffff;}#sp-wp-tabs-wrapper_313.sp-tab__lay-default > ul {border-bottom: 1px solid #cccccc;}@media(max-width:480px) {#sp-wp-tabs-wrapper_313.sp-tab__lay-default > ul li.sp-tab__nav-item {width: 100%;margin-right: 0px;}#sp-wp-tabs-wrapper_313.sp-tab__lay-default > ul li.sp-tab__nav-item:last-child {margin-bottom: -1px;}}#sp-wp-tabs-wrapper_313.sp-tab__lay-default > ul .sp-tab__nav-item .sp-tab__tab_title,#sp-wp-tabs-wrapper_313.sp-tab__lay-default span > .sp-tab__card-header {font-weight: 600;font-style: normal;font-size: 16px;line-height: 22px;letter-spacing: 0px;color: #444;margin: 0px;}#sp-wp-tabs-wrapper_313.sp-tab__lay-default > .sp-tab__tab-content .sp-tab__tab-pane,#sp-wp-tabs-wrapper_313.sp-tab__lay-default > .sp-tab__tab-content .sp-tab__tab-pane p {font-weight: 400;font-style: normal;font-size: 16px;line-height: 24px;letter-spacing: 0px;color: #444;}#sp-wp-tabs-wrapper_313.sp-tab__lay-default > .sp-tab__tab-content .sp-tab__tab-pane ul li a, #sp-wp-tabs-wrapper_313.sp-tab__lay-default .sp-tab__tab-content .sp-tab__tab-pane ol li a {color: #444;}<\/style>\t\t<div id=\"sp-wp-tabs-wrapper_313\" class=\"sp-tab__lay-default\" data-preloader=\"1\" data-activemode=\"tabs-activator-event-click\">\n\t\t\t<div class=\"sp-tab__preloader\">\n\t\t<div class=\"sp-tab__spinner\">\n\t\t\t<div class=\"rect1\"><\/div>\n\t\t\t<div class=\"rect2\"><\/div>\n\t\t\t<div class=\"rect3\"><\/div>\n\t\t\t<div class=\"rect4\"><\/div>\n\t\t\t<div class=\"rect5\"><\/div>\n\t\t<\/div>\n\t<\/div>\n\t<ul class=\"sp-tab__nav sp-tab__nav-tabs\" id=\"sp-tab__ul\" role=\"tablist\">\n\t\t\t\t<li class=\"sp-tab__nav-item\" role=\"presentation\">\n\t\t\t\t<span class=\"sp-tab__nav-link sp-tab__active\" data-sptoggle=\"tab\" for=\"#tab-3131\" role=\"tab\" aria-controls=tab-3131 aria-selected=true tabindex=0>\n\t\t\t\t\t<span class=\"tab_title_area\"><H4 class=\"sp-tab__tab_title\">1\u00b0 A\u00f1o<\/H4><\/span>\n\t\t\t\t<\/span>\n\t\t\t<\/li>\n\t\t\t<\/ul>\n<div class=\"sp-tab__tab-content\">\n\t\t\t\t<div id=\"tab-3131\" class=\"sp-tab__tab-pane sp-tab__show sp-tab__active\" role=\"tabpanel\">\n\t\t\t\t\t<div class=\"sp-tab-content animated fadeIn\"><p><a href=\"https:\/\/horaciocornelli.com\/facultad\/sanidad-interior-2\/\">Curso Completo<\/a><\/p>\n<\/div>\n\t\t\t\t<\/div>\n\t\t\t\t<\/div>\n\t\t<\/div>\n\t\t\n","protected":false},"excerpt":{"rendered":"<p>Curso: Sanidad Interior \u2013 Sanados para sanar Se trata de un Curso b\u00edblico breve, teol\u00f3gico y pr\u00e1ctico, que ofrece capacitar a cada Consejero B\u00edblico para que pueda servir a la Iglesia mediante la Sanidad Interior de las personas, teniendo en cuenta que las personas llegan a la iglesia con un pasado que ha dejado huellas [&hellip;]<\/p>\n","protected":false},"author":2,"featured_media":0,"parent":0,"menu_order":0,"comment_status":"closed","ping_status":"closed","template":"","meta":{"footnotes":""},"class_list":["post-289","page","type-page","status-publish","hentry"],"_links":{"self":[{"href":"https:\/\/horaciocornelli.com\/facultad\/wp-json\/wp\/v2\/pages\/289","targetHints":{"allow":["GET"]}}],"collection":[{"href":"https:\/\/horaciocornelli.com\/facultad\/wp-json\/wp\/v2\/pages"}],"about":[{"href":"https:\/\/horaciocornelli.com\/facultad\/wp-json\/wp\/v2\/types\/page"}],"author":[{"embeddable":true,"href":"https:\/\/horaciocornelli.com\/facultad\/wp-json\/wp\/v2\/users\/2"}],"replies":[{"embeddable":true,"href":"https:\/\/horaciocornelli.com\/facultad\/wp-json\/wp\/v2\/comments?post=289"}],"version-history":[{"count":2,"href":"https:\/\/horaciocornelli.com\/facultad\/wp-json\/wp\/v2\/pages\/289\/revisions"}],"predecessor-version":[{"id":314,"href":"https:\/\/horaciocornelli.com\/facultad\/wp-json\/wp\/v2\/pages\/289\/revisions\/314"}],"wp:attachment":[{"href":"https:\/\/horaciocornelli.com\/facultad\/wp-json\/wp\/v2\/media?parent=289"}],"curies":[{"name":"wp","href":"https:\/\/api.w.org\/{rel}","templated":true}]}}