{"id":307,"date":"2025-02-13T14:30:59","date_gmt":"2025-02-13T14:30:59","guid":{"rendered":"https:\/\/horaciocornelli.com\/facultad\/?page_id=307"},"modified":"2025-02-13T15:18:36","modified_gmt":"2025-02-13T15:18:36","slug":"porciones-pentateuco","status":"publish","type":"page","link":"https:\/\/horaciocornelli.com\/facultad\/porciones-pentateuco\/","title":{"rendered":"Porciones Pentateuco"},"content":{"rendered":"\n<p><strong>CURSO B\u00cdBLICO: PORCIONES SEMANALES DEL PENTATEUCO<\/strong><\/p>\n\n\n\n<p>Llamadas \u201cParashot\u201d en idioma hebreo (plural de \u201cParash\u00e1\u201d, que significa \u201c\u00a8Porci\u00f3n\u201d, o mejor dicho \u201cParash\u00e1 HaShav\u00faa\u201d que significa \u201cPorci\u00f3n Semanal\u201d) son las 54 secciones en que se ha dividido el Pentateuco de la Biblia para su estudio semanal. La tradici\u00f3n ha sido que estas porciones del Pentateuco, m\u00e1s la Conclusi\u00f3n de los Profetas del Antiguo Testamento, a las que denominamos \u201cHaftarot\u201d (plural de \u201cHaftar\u00e1\u201d, que significa \u00abdespedida\u00bb, \u00abseparaci\u00f3n\u00bb o \u00absalida\u00bb), se han le\u00eddo en las sinagogas desde tiempo inmemorial, de modo que, durante el tiempo que habit\u00f3 Jesucristo en la tierra, \u00e9sta fue la manera en que \u00e9l ley\u00f3 y estudi\u00f3 semanalmente las Sagradas Escrituras en la Sinagoga cada d\u00eda de reposo:&nbsp;<em>\u201c<sup>16<\/sup>Vino a Nazaret, donde se hab\u00eda criado; y en el d\u00eda de reposo&nbsp;entr\u00f3 en la sinagoga, conforme a su costumbre, y se levant\u00f3 a leer.&nbsp;<sup>17<\/sup>Y se le dio el libro del profeta Isa\u00edas\u201d<\/em>&nbsp;(Lucas 4:16-17).<\/p>\n\n\n\n<p>Teniendo en cuenta que, luego de la encarnaci\u00f3n de Jesucristo, la Biblia ha sido completada con el Nuevo Testamento (\u201cBrit Hadash\u00e1\u201d, que significa \u201cPacto Renovado\u201d), en nuestros estudios agregamos la Escritura del Nuevo Testamento relacionada con la Parash\u00e1, de modo que nuestra lectura semanal se compone de: 1) Parash\u00e1 HaShav\u00faa, 2) Haftar\u00e1 y 3) Brit Hadash\u00e1.<\/p>\n\n\n\n<p>Se trata de un Curso b\u00edblico teol\u00f3gico y pr\u00e1ctico que tiene el objetivo de que el creyente pueda encontrar en el Pentateuco dos cosas b\u00e1sicas para la vida cristiana: 1) A Jesucristo en las Escrituras, y 2) Las instrucciones del Padre para que la vida de Sus hijos d\u00e9 en el blanco.<\/p>\n\n\n\n<p>El Curso B\u00edblico \u201cPorciones semanales del Pentateuco\u201d es una serie de 54 estudios b\u00edblicos semanales.<\/p>\n\n\n\n<hr class=\"wp-block-separator has-alpha-channel-opacity\"\/>\n\n\n<style id=\"sp_tab_dynamic_style325\">#sp-tabpro-wrapper_325.sp-tab__lay-default .sp-tab__tab-content {width: 100%;}#sp-tabpro-wrapper_325 .animated {-webkit-animation-duration: 500ms;animation-duration: 500ms;}#sp-wp-tabs-wrapper_325 .sp-tab__nav {justify-content: start;}#sp-wp-tabs-wrapper_325.sp-tab__lay-default.sp-tab__horizontal-bottom {display: flex;flex-direction: column-reverse;}#sp-wp-tabs-wrapper_325.sp-tab__lay-default.sp-tab__horizontal-bottom > ul {border-top: 1px solid #cccccc;border-bottom: 0;margin-top: 0;}#sp-wp-tabs-wrapper_325.sp-tab__lay-default.sp-tab__horizontal-bottom > ul > li .sp-tab__nav-link.sp-tab__active {border-color: transparent #cccccc#cccccc;margin-top: -1px;}#sp-wp-tabs-wrapper_325.sp-tab__lay-default.sp-tab__horizontal-bottom > ul > li .sp-tab__nav-link,#sp-wp-tabs-wrapper_325.sp-tab__lay-default.sp-tab__horizontal-bottom > ul > li a,#sp-wp-tabs-wrapper_325.sp-tab__lay-default.sp-tab__horizontal-bottom > ul > .sp-tab__nav-item {border-top: 0;border-top-left-radius: 0;border-top-right-radius: 0;border-bottom-left-radius: 2px;border-bottom-right-radius: 2px;}#sp-wp-tabs-wrapper_325.sp-tab__lay-default.sp-tab__horizontal-bottom > ul {border-bottom: none;}#sp-wp-tabs-wrapper_325.sp-tab__lay-default.sp-tab__horizontal-bottom .sp-tab__tab-content .sp-tab__tab-pane {border-top: 1px solid #cccccc;border-bottom: 0;}#sp-wp-tabs-wrapper_325.sp-tab__lay-default .sp-tab__tab-content .sp-tab-content > ul,#sp-wp-tabs-wrapper_325.sp-tab__lay-default .sp-tab__tab-content .sp-tab-content > ol {border-bottom: none;}#sp-wp-tabs-wrapper_325 > .sp-tab__nav-tabs .sp-tab__nav-link.sp-tab__active .sp-tab__tab_title,#sp-wp-tabs-wrapper_325.sp-tab__lay-default .sp-tab__nav-link > .sp-tab__card-header {color: #444;}#sp-wp-tabs-wrapper_325 .sp-tab__nav-tabs .sp-tab__nav-item.show .sp-tab__nav-link,#sp-wp-tabs-wrapper_325.sp-tab__lay-default ul li .sp-tab__nav-link.sp-tab__active {border-color: #cccccc#cccccc transparent;}#sp-wp-tabs-wrapper_325.sp-tab__lay-default > ul > li > .sp-tab__nav-link,#sp-wp-tabs-wrapper_325.sp-tab__lay-default > ul > li > a {cursor: pointer;border-color: #cccccc;padding-top: 15px;padding-right: 15px;padding-bottom: 15px;padding-left: 15px;}#sp-wp-tabs-wrapper_325 > .sp-tab__nav-tabs .sp-tab__nav-link {border: 1px solid #cccccc;height: 100%;}#sp-wp-tabs-wrapper_325.sp-tab__lay-default > ul > li .sp-tab__nav-link,#sp-wp-tabs-wrapper_325.sp-tab__lay-default > ul > li a,#sp-wp-tabs-wrapper_325.sp-tab__lay-default > ul > .sp-tab__nav-item {border-top-left-radius: 2px;border-top-right-radius: 2px;}#sp-wp-tabs-wrapper_325 .sp-tab__nav-tabs .sp-tab__nav-item {margin-bottom: -1px; }#sp-wp-tabs-wrapper_325.sp-tab__lay-default > ul .sp-tab__nav-item {margin-right: 10px;margin-top: 5px;}#sp-wp-tabs-wrapper_325.sp-tab__lay-default.sp-tab__horizontal-bottom > ul .sp-tab__nav-item {margin-right: 10px;margin-top: 0;}#sp-wp-tabs-wrapper_325.sp-tab__lay-default > ul .sp-tab__nav-item .sp-tab__nav-link:hover .sp-tab__tab_title,#sp-wp-tabs-wrapper_325.sp-tab__lay-default > ul .sp-tab__nav-item a:hover .sp-tab__tab_title,#sp-wp-tabs-wrapper_325.sp-tab__lay-default .sp-tab__nav-link.collapsed .sp-tab__card-header:hover {color: #444;transition: .3s;}#sp-wp-tabs-wrapper_325.sp-tab__lay-default > ul .sp-tab__nav-item,#sp-wp-tabs-wrapper_325.sp-tab__lay-default .sp-tab__nav-link.collapsed > .sp-tab__card-header {background-color: #eee;transition: 0.3s;}#sp-wp-tabs-wrapper_325 > .sp-tab__nav-tabs > .sp-tab__nav-item.show .sp-tab__nav-link,#sp-wp-tabs-wrapper_325 > .sp-tab__nav-tabs > .sp-tab__nav-item .sp-tab__nav-link.sp-tab__active,#sp-wp-tabs-wrapper_325.sp-tab__lay-default .sp-tab__nav-link > .sp-tab__card-header {background-color: #fff;}#sp-tabs-wrapper_325.sp-tab__lay-default > ul .sp-tab__nav-item .sp-tab__nav-link:not(.sp-tab__active):hover,#sp-tabs-wrapper_325.sp-tab__lay-default .sp-tab__tab-content > .sp-tab__tab-pane .sp-tab__card-header:hover {background-color: #fff;}#sp-wp-tabs-wrapper_325.sp-tab__lay-default > ul .sp-tab__nav-item:not(.sp-tab__active):hover,#sp-wp-tabs-wrapper_325.sp-tab__lay-default .sp-tab__nav-link.collapsed > .sp-tab__card-header:hover {background-color: #fff;}#sp-wp-tabs-wrapper_325.sp-tab__lay-default > ul .sp-tab__nav-item:last-child {margin-right: 0;}#sp-wp-tabs-wrapper_325.sp-tab__lay-default > .sp-tab__tab-content .sp-tab__tab-pane {border: 1px solid #cccccc;padding-top: 20px;padding-right: 20px;padding-bottom: 20px;padding-left: 20px;border-top: 0px;background-color: #ffffff;}#sp-wp-tabs-wrapper_325.sp-tab__lay-default > ul {border-bottom: 1px solid #cccccc;}@media(max-width:480px) {#sp-wp-tabs-wrapper_325.sp-tab__lay-default > ul li.sp-tab__nav-item {width: 100%;margin-right: 0px;}#sp-wp-tabs-wrapper_325.sp-tab__lay-default > ul li.sp-tab__nav-item:last-child {margin-bottom: -1px;}}#sp-wp-tabs-wrapper_325.sp-tab__lay-default > ul .sp-tab__nav-item .sp-tab__tab_title,#sp-wp-tabs-wrapper_325.sp-tab__lay-default span > .sp-tab__card-header {font-weight: 600;font-style: normal;font-size: 16px;line-height: 22px;letter-spacing: 0px;color: #444;margin: 0px;}#sp-wp-tabs-wrapper_325.sp-tab__lay-default > .sp-tab__tab-content .sp-tab__tab-pane,#sp-wp-tabs-wrapper_325.sp-tab__lay-default > .sp-tab__tab-content .sp-tab__tab-pane p {font-weight: 400;font-style: normal;font-size: 16px;line-height: 24px;letter-spacing: 0px;color: #444;}#sp-wp-tabs-wrapper_325.sp-tab__lay-default > .sp-tab__tab-content .sp-tab__tab-pane ul li a, #sp-wp-tabs-wrapper_325.sp-tab__lay-default .sp-tab__tab-content .sp-tab__tab-pane ol li a {color: #444;}<\/style>\t\t<div id=\"sp-wp-tabs-wrapper_325\" class=\"sp-tab__lay-default\" data-preloader=\"1\" data-activemode=\"tabs-activator-event-click\">\n\t\t\t<div class=\"sp-tab__preloader\">\n\t\t<div class=\"sp-tab__spinner\">\n\t\t\t<div class=\"rect1\"><\/div>\n\t\t\t<div class=\"rect2\"><\/div>\n\t\t\t<div class=\"rect3\"><\/div>\n\t\t\t<div class=\"rect4\"><\/div>\n\t\t\t<div class=\"rect5\"><\/div>\n\t\t<\/div>\n\t<\/div>\n\t<ul class=\"sp-tab__nav sp-tab__nav-tabs\" id=\"sp-tab__ul\" role=\"tablist\">\n\t\t\t\t<li class=\"sp-tab__nav-item\" role=\"presentation\">\n\t\t\t\t<span class=\"sp-tab__nav-link sp-tab__active\" data-sptoggle=\"tab\" for=\"#tab-3251\" role=\"tab\" aria-controls=tab-3251 aria-selected=true tabindex=0>\n\t\t\t\t\t<span class=\"tab_title_area\"><H4 class=\"sp-tab__tab_title\">Genesis<\/H4><\/span>\n\t\t\t\t<\/span>\n\t\t\t<\/li>\n\t\t\t\t\t\t<li class=\"sp-tab__nav-item\" role=\"presentation\">\n\t\t\t\t<span class=\"sp-tab__nav-link\" data-sptoggle=\"tab\" for=\"#tab-3252\" role=\"tab\" aria-controls=tab-3252 aria-selected=true tabindex=0>\n\t\t\t\t\t<span class=\"tab_title_area\"><H4 class=\"sp-tab__tab_title\">Exodo<\/H4><\/span>\n\t\t\t\t<\/span>\n\t\t\t<\/li>\n\t\t\t\t\t\t<li class=\"sp-tab__nav-item\" role=\"presentation\">\n\t\t\t\t<span class=\"sp-tab__nav-link\" data-sptoggle=\"tab\" for=\"#tab-3253\" role=\"tab\" aria-controls=tab-3253 aria-selected=true tabindex=0>\n\t\t\t\t\t<span class=\"tab_title_area\"><H4 class=\"sp-tab__tab_title\">Lev\u00edtico<\/H4><\/span>\n\t\t\t\t<\/span>\n\t\t\t<\/li>\n\t\t\t\t\t\t<li class=\"sp-tab__nav-item\" role=\"presentation\">\n\t\t\t\t<span class=\"sp-tab__nav-link\" data-sptoggle=\"tab\" for=\"#tab-3254\" role=\"tab\" aria-controls=tab-3254 aria-selected=true tabindex=0>\n\t\t\t\t\t<span class=\"tab_title_area\"><H4 class=\"sp-tab__tab_title\">Numeros<\/H4><\/span>\n\t\t\t\t<\/span>\n\t\t\t<\/li>\n\t\t\t\t\t\t<li class=\"sp-tab__nav-item\" role=\"presentation\">\n\t\t\t\t<span class=\"sp-tab__nav-link\" data-sptoggle=\"tab\" for=\"#tab-3255\" role=\"tab\" aria-controls=tab-3255 aria-selected=true tabindex=0>\n\t\t\t\t\t<span class=\"tab_title_area\"><H4 class=\"sp-tab__tab_title\">Deuteronomio<\/H4><\/span>\n\t\t\t\t<\/span>\n\t\t\t<\/li>\n\t\t\t\t\t\t<li class=\"sp-tab__nav-item\" role=\"presentation\">\n\t\t\t\t<span class=\"sp-tab__nav-link\" data-sptoggle=\"tab\" for=\"#tab-3256\" role=\"tab\" aria-controls=tab-3256 aria-selected=true tabindex=0>\n\t\t\t\t\t<span class=\"tab_title_area\"><H4 class=\"sp-tab__tab_title\">Fiestas de YHWH<\/H4><\/span>\n\t\t\t\t<\/span>\n\t\t\t<\/li>\n\t\t\t<\/ul>\n<div class=\"sp-tab__tab-content\">\n\t\t\t\t<div id=\"tab-3251\" class=\"sp-tab__tab-pane sp-tab__show sp-tab__active\" role=\"tabpanel\">\n\t\t\t\t\t<div class=\"sp-tab-content animated fadeIn\"><p><a href=\"https:\/\/horaciocornelli.com\/facultad\/porcion-1-a-4\/\">Porci\u00f3n 1 a 4<\/a><\/p>\n<p><a href=\"https:\/\/horaciocornelli.com\/facultad\/porcion-5-a-8\/\">Porci\u00f3n 5 a 8<\/a><\/p>\n<p><a href=\"https:\/\/horaciocornelli.com\/facultad\/porcion-9-a-12\/\">Porci\u00f3n 9 a 12<\/a><\/p>\n<\/div>\n\t\t\t\t<\/div>\n\t\t\t\t\t\t\t\t<div id=\"tab-3252\" class=\"sp-tab__tab-pane \" role=\"tabpanel\">\n\t\t\t\t\t<div class=\"sp-tab-content animated fadeIn\"><p><a href=\"https:\/\/horaciocornelli.com\/facultad\/porciones-13-a-16\/\">Porci\u00f3n 13 a 16<\/a><\/p>\n<p><a href=\"https:\/\/horaciocornelli.com\/facultad\/porciones-17-a-20\/\">Porci\u00f3n 17 a 20<\/a><\/p>\n<p><a href=\"https:\/\/horaciocornelli.com\/facultad\/porcion-21-a-23\/\">Porci\u00f3n 21 a 23<\/a><\/p>\n<\/div>\n\t\t\t\t<\/div>\n\t\t\t\t\t\t\t\t<div id=\"tab-3253\" class=\"sp-tab__tab-pane \" role=\"tabpanel\">\n\t\t\t\t\t<div class=\"sp-tab-content animated fadeIn\"><p><a href=\"https:\/\/horaciocornelli.com\/facultad\/porcion-24-a-26\/\">Porci\u00f3n 24 a 26<\/a><\/p>\n<p><a href=\"https:\/\/horaciocornelli.com\/facultad\/porcion-27-a-30\/\">Porci\u00f3n 27 a 30<\/a><\/p>\n<p><a href=\"https:\/\/horaciocornelli.com\/facultad\/porcion-31-a-33\/\">Porci\u00f3n 31 a 33<\/a><\/p>\n<\/div>\n\t\t\t\t<\/div>\n\t\t\t\t\t\t\t\t<div id=\"tab-3254\" class=\"sp-tab__tab-pane \" role=\"tabpanel\">\n\t\t\t\t\t<div class=\"sp-tab-content animated fadeIn\"><p><a href=\"https:\/\/horaciocornelli.com\/facultad\/porcion-34-a-37\/\">Porci\u00f3n 34 a 37<\/a><\/p>\n<p><a href=\"https:\/\/horaciocornelli.com\/facultad\/porcion-38-a-41\/\">Porci\u00f3n 38 a 41<\/a><\/p>\n<p><a href=\"https:\/\/horaciocornelli.com\/facultad\/porcion-42-a-44\/\">Porci\u00f3n 42 a 44<\/a><\/p>\n<\/div>\n\t\t\t\t<\/div>\n\t\t\t\t\t\t\t\t<div id=\"tab-3255\" class=\"sp-tab__tab-pane \" role=\"tabpanel\">\n\t\t\t\t\t<div class=\"sp-tab-content animated fadeIn\"><p><a href=\"https:\/\/horaciocornelli.com\/facultad\/porcion-45-a-48\/\">Porci\u00f3n 45 a 48<\/a><\/p>\n<p><a href=\"https:\/\/horaciocornelli.com\/facultad\/porcion-49-a-52\/\">Porci\u00f3n 49 a 52<\/a><\/p>\n<p><a href=\"https:\/\/horaciocornelli.com\/facultad\/porcion-53-y-54\/\">Porci\u00f3n 52 a 54<\/a><\/p>\n<\/div>\n\t\t\t\t<\/div>\n\t\t\t\t\t\t\t\t<div id=\"tab-3256\" class=\"sp-tab__tab-pane \" role=\"tabpanel\">\n\t\t\t\t\t<div class=\"sp-tab-content animated fadeIn\"><p>- <a href=\"https:\/\/horaciocornelli.com\/facultad\/fiestas-de-yhwh\/\">Pascua, Panes sin levadura y Primicias<\/a><\/p>\n<p>- <a href=\"https:\/\/horaciocornelli.com\/facultad\/pentecostes\/\">Fiesta de Pentecost\u00e9s - Shavuot<\/a><\/p>\n<\/div>\n\t\t\t\t<\/div>\n\t\t\t\t<\/div>\n\t\t<\/div>\n\t\t\n","protected":false},"excerpt":{"rendered":"<p>CURSO B\u00cdBLICO: PORCIONES SEMANALES DEL PENTATEUCO Llamadas \u201cParashot\u201d en idioma hebreo (plural de \u201cParash\u00e1\u201d, que significa \u201c\u00a8Porci\u00f3n\u201d, o mejor dicho \u201cParash\u00e1 HaShav\u00faa\u201d que significa \u201cPorci\u00f3n Semanal\u201d) son las 54 secciones en que se ha dividido el Pentateuco de la Biblia para su estudio semanal. La tradici\u00f3n ha sido que estas porciones del Pentateuco, m\u00e1s la [&hellip;]<\/p>\n","protected":false},"author":2,"featured_media":0,"parent":0,"menu_order":0,"comment_status":"closed","ping_status":"closed","template":"","meta":{"footnotes":""},"class_list":["post-307","page","type-page","status-publish","hentry"],"_links":{"self":[{"href":"https:\/\/horaciocornelli.com\/facultad\/wp-json\/wp\/v2\/pages\/307","targetHints":{"allow":["GET"]}}],"collection":[{"href":"https:\/\/horaciocornelli.com\/facultad\/wp-json\/wp\/v2\/pages"}],"about":[{"href":"https:\/\/horaciocornelli.com\/facultad\/wp-json\/wp\/v2\/types\/page"}],"author":[{"embeddable":true,"href":"https:\/\/horaciocornelli.com\/facultad\/wp-json\/wp\/v2\/users\/2"}],"replies":[{"embeddable":true,"href":"https:\/\/horaciocornelli.com\/facultad\/wp-json\/wp\/v2\/comments?post=307"}],"version-history":[{"count":2,"href":"https:\/\/horaciocornelli.com\/facultad\/wp-json\/wp\/v2\/pages\/307\/revisions"}],"predecessor-version":[{"id":326,"href":"https:\/\/horaciocornelli.com\/facultad\/wp-json\/wp\/v2\/pages\/307\/revisions\/326"}],"wp:attachment":[{"href":"https:\/\/horaciocornelli.com\/facultad\/wp-json\/wp\/v2\/media?parent=307"}],"curies":[{"name":"wp","href":"https:\/\/api.w.org\/{rel}","templated":true}]}}