{"id":429,"date":"2025-02-14T12:42:27","date_gmt":"2025-02-14T12:42:27","guid":{"rendered":"https:\/\/horaciocornelli.com\/facultad\/?page_id=429"},"modified":"2025-02-14T12:42:27","modified_gmt":"2025-02-14T12:42:27","slug":"porcion-9-a-12","status":"publish","type":"page","link":"https:\/\/horaciocornelli.com\/facultad\/porcion-9-a-12\/","title":{"rendered":"Porci\u00f3n 9 a 12"},"content":{"rendered":"\n<p>Porciones de Genesis<\/p>\n\n\n\n<p>Porci\u00f3n 9<\/p>\n\n\n\n<figure class=\"wp-block-embed is-type-video is-provider-youtube wp-block-embed-youtube wp-embed-aspect-16-9 wp-has-aspect-ratio\"><div class=\"wp-block-embed__wrapper\">\n<iframe loading=\"lazy\" title=\"Horacio y Ada Cornelli: Parash\u00e1 09 - Vaieshev (Y se estableci\u00f3)\" width=\"500\" height=\"281\" src=\"https:\/\/www.youtube.com\/embed\/lFm9hQdcuA0?feature=oembed\" frameborder=\"0\" allow=\"accelerometer; autoplay; clipboard-write; encrypted-media; gyroscope; picture-in-picture; web-share\" referrerpolicy=\"strict-origin-when-cross-origin\" allowfullscreen><\/iframe>\n<\/div><\/figure>\n\n\n\n<hr class=\"wp-block-separator has-alpha-channel-opacity\"\/>\n\n\n\n<hr class=\"wp-block-separator has-alpha-channel-opacity\"\/>\n\n\n\n<p>Porci\u00f3n 10<\/p>\n\n\n\n<figure class=\"wp-block-embed is-type-video is-provider-youtube wp-block-embed-youtube wp-embed-aspect-16-9 wp-has-aspect-ratio\"><div class=\"wp-block-embed__wrapper\">\n<iframe loading=\"lazy\" title=\"Horacio y Ada Cornelli: Parash\u00e1 10 - Miketz (Al final)\" width=\"500\" height=\"281\" src=\"https:\/\/www.youtube.com\/embed\/8snZewNLVPI?feature=oembed\" frameborder=\"0\" allow=\"accelerometer; autoplay; clipboard-write; encrypted-media; gyroscope; picture-in-picture; web-share\" referrerpolicy=\"strict-origin-when-cross-origin\" allowfullscreen><\/iframe>\n<\/div><\/figure>\n\n\n\n<hr class=\"wp-block-separator has-alpha-channel-opacity\"\/>\n\n\n\n<hr class=\"wp-block-separator has-alpha-channel-opacity\"\/>\n\n\n\n<p>Porci\u00f3n 11<\/p>\n\n\n\n<figure class=\"wp-block-embed is-type-video is-provider-youtube wp-block-embed-youtube wp-embed-aspect-16-9 wp-has-aspect-ratio\"><div class=\"wp-block-embed__wrapper\">\n<iframe loading=\"lazy\" title=\"Horacio y Ada Cornelli: Parash\u00e1 11 - Vaigash (Y se acerc\u00f3)\" width=\"500\" height=\"281\" src=\"https:\/\/www.youtube.com\/embed\/Ha8nOTebMcU?feature=oembed\" frameborder=\"0\" allow=\"accelerometer; autoplay; clipboard-write; encrypted-media; gyroscope; picture-in-picture; web-share\" referrerpolicy=\"strict-origin-when-cross-origin\" allowfullscreen><\/iframe>\n<\/div><\/figure>\n\n\n\n<hr class=\"wp-block-separator has-alpha-channel-opacity\"\/>\n\n\n\n<hr class=\"wp-block-separator has-alpha-channel-opacity\"\/>\n\n\n\n<p>Porci\u00f3n 12<\/p>\n\n\n\n<figure class=\"wp-block-embed is-type-video is-provider-youtube wp-block-embed-youtube wp-embed-aspect-16-9 wp-has-aspect-ratio\"><div class=\"wp-block-embed__wrapper\">\n<iframe loading=\"lazy\" title=\"Horacio y Ada Cornelli: Parash\u00e1 12 - Vaiej\u00ed (Y \u00e9l vivi\u00f3)\" width=\"500\" height=\"281\" src=\"https:\/\/www.youtube.com\/embed\/SGHs8t4pu3c?feature=oembed\" frameborder=\"0\" allow=\"accelerometer; autoplay; clipboard-write; encrypted-media; gyroscope; picture-in-picture; web-share\" referrerpolicy=\"strict-origin-when-cross-origin\" allowfullscreen><\/iframe>\n<\/div><\/figure>\n","protected":false},"excerpt":{"rendered":"<p>Porciones de Genesis Porci\u00f3n 9 Porci\u00f3n 10 Porci\u00f3n 11 Porci\u00f3n 12<\/p>\n","protected":false},"author":2,"featured_media":0,"parent":0,"menu_order":0,"comment_status":"closed","ping_status":"closed","template":"","meta":{"footnotes":""},"class_list":["post-429","page","type-page","status-publish","hentry"],"_links":{"self":[{"href":"https:\/\/horaciocornelli.com\/facultad\/wp-json\/wp\/v2\/pages\/429","targetHints":{"allow":["GET"]}}],"collection":[{"href":"https:\/\/horaciocornelli.com\/facultad\/wp-json\/wp\/v2\/pages"}],"about":[{"href":"https:\/\/horaciocornelli.com\/facultad\/wp-json\/wp\/v2\/types\/page"}],"author":[{"embeddable":true,"href":"https:\/\/horaciocornelli.com\/facultad\/wp-json\/wp\/v2\/users\/2"}],"replies":[{"embeddable":true,"href":"https:\/\/horaciocornelli.com\/facultad\/wp-json\/wp\/v2\/comments?post=429"}],"version-history":[{"count":1,"href":"https:\/\/horaciocornelli.com\/facultad\/wp-json\/wp\/v2\/pages\/429\/revisions"}],"predecessor-version":[{"id":431,"href":"https:\/\/horaciocornelli.com\/facultad\/wp-json\/wp\/v2\/pages\/429\/revisions\/431"}],"wp:attachment":[{"href":"https:\/\/horaciocornelli.com\/facultad\/wp-json\/wp\/v2\/media?parent=429"}],"curies":[{"name":"wp","href":"https:\/\/api.w.org\/{rel}","templated":true}]}}