{"id":432,"date":"2025-02-14T12:49:11","date_gmt":"2025-02-14T12:49:11","guid":{"rendered":"https:\/\/horaciocornelli.com\/facultad\/?page_id=432"},"modified":"2025-02-14T12:58:30","modified_gmt":"2025-02-14T12:58:30","slug":"discipulado-avanzado-2","status":"publish","type":"page","link":"https:\/\/horaciocornelli.com\/facultad\/discipulado-avanzado-2\/","title":{"rendered":"Discipulado Avanzado"},"content":{"rendered":"\n<p><strong>Discipulado B\u00edblico Avanzado<\/strong><\/p>\n\n\n\n<p><strong>Horacio y Ada Cornelli: Yom Kipur &#8211; D\u00eda de Expiaci\u00f3n o del Perd\u00f3n<\/strong><\/p>\n\n\n\n<figure class=\"wp-block-embed is-type-video is-provider-youtube wp-block-embed-youtube wp-embed-aspect-16-9 wp-has-aspect-ratio\"><div class=\"wp-block-embed__wrapper\">\n<iframe loading=\"lazy\" title=\"Horacio y Ada Cornelli: Yom Kipur - D\u00eda de Expiaci\u00f3n o del Perd\u00f3n\" width=\"500\" height=\"281\" src=\"https:\/\/www.youtube.com\/embed\/eKPdQQTe4wA?feature=oembed\" frameborder=\"0\" allow=\"accelerometer; autoplay; clipboard-write; encrypted-media; gyroscope; picture-in-picture; web-share\" referrerpolicy=\"strict-origin-when-cross-origin\" allowfullscreen><\/iframe>\n<\/div><\/figure>\n\n\n\n<hr class=\"wp-block-separator has-alpha-channel-opacity\"\/>\n\n\n\n<hr class=\"wp-block-separator has-alpha-channel-opacity\"\/>\n\n\n\n<p><strong>Horacio y Ada Cornelli: Jesucristo te cambi\u00f3 el nombre<\/strong><\/p>\n\n\n\n<figure class=\"wp-block-embed is-type-video is-provider-youtube wp-block-embed-youtube wp-embed-aspect-16-9 wp-has-aspect-ratio\"><div class=\"wp-block-embed__wrapper\">\n<iframe loading=\"lazy\" title=\"Horacio y Ada Cornelli: Jesucristo te cambi\u00f3 el nombre\" width=\"500\" height=\"281\" src=\"https:\/\/www.youtube.com\/embed\/8wZ_M7_D3mA?feature=oembed\" frameborder=\"0\" allow=\"accelerometer; autoplay; clipboard-write; encrypted-media; gyroscope; picture-in-picture; web-share\" referrerpolicy=\"strict-origin-when-cross-origin\" allowfullscreen><\/iframe>\n<\/div><\/figure>\n\n\n\n<hr class=\"wp-block-separator has-alpha-channel-opacity\"\/>\n\n\n\n<hr class=\"wp-block-separator has-alpha-channel-opacity\"\/>\n\n\n\n<p><strong>Horacio y Ada Cornelli: El poder de Jesucristo resucitado<\/strong><\/p>\n\n\n\n<figure class=\"wp-block-embed is-type-video is-provider-youtube wp-block-embed-youtube wp-embed-aspect-16-9 wp-has-aspect-ratio\"><div class=\"wp-block-embed__wrapper\">\n<iframe loading=\"lazy\" title=\"Horacio y Ada Cornelli: El poder de Jesucristo resucitado\" width=\"500\" height=\"281\" src=\"https:\/\/www.youtube.com\/embed\/1wIZjHeHE9g?feature=oembed\" frameborder=\"0\" allow=\"accelerometer; autoplay; clipboard-write; encrypted-media; gyroscope; picture-in-picture; web-share\" referrerpolicy=\"strict-origin-when-cross-origin\" allowfullscreen><\/iframe>\n<\/div><\/figure>\n\n\n\n<hr class=\"wp-block-separator has-alpha-channel-opacity\"\/>\n\n\n\n<hr class=\"wp-block-separator has-alpha-channel-opacity\"\/>\n\n\n\n<p><strong>Horacio y Ada Cornelli: La predicaci\u00f3n de gracia de Jesucristo<\/strong><\/p>\n\n\n\n<figure class=\"wp-block-embed is-type-video is-provider-youtube wp-block-embed-youtube wp-embed-aspect-16-9 wp-has-aspect-ratio\"><div class=\"wp-block-embed__wrapper\">\n<iframe loading=\"lazy\" title=\"Horacio y Ada Cornelli: Los 7 grupos en relaci\u00f3n con el Reino de Dios\" width=\"500\" height=\"281\" src=\"https:\/\/www.youtube.com\/embed\/7SS2RGxp5nA?feature=oembed\" frameborder=\"0\" allow=\"accelerometer; autoplay; clipboard-write; encrypted-media; gyroscope; picture-in-picture; web-share\" referrerpolicy=\"strict-origin-when-cross-origin\" allowfullscreen><\/iframe>\n<\/div><\/figure>\n\n\n\n<hr class=\"wp-block-separator has-alpha-channel-opacity\"\/>\n\n\n\n<hr class=\"wp-block-separator has-alpha-channel-opacity\"\/>\n\n\n\n<p><strong>Horacio y Ada Cornelli: Dios nos da el man\u00e1 para probarnoss<\/strong><\/p>\n\n\n\n<figure class=\"wp-block-embed is-type-video is-provider-youtube wp-block-embed-youtube wp-embed-aspect-16-9 wp-has-aspect-ratio\"><div class=\"wp-block-embed__wrapper\">\n<iframe loading=\"lazy\" title=\"Horacio y Ada Cornelli: Dios nos da el man\u00e1 para probarnos\" width=\"500\" height=\"281\" src=\"https:\/\/www.youtube.com\/embed\/m43-FrZdSsU?feature=oembed\" frameborder=\"0\" allow=\"accelerometer; autoplay; clipboard-write; encrypted-media; gyroscope; picture-in-picture; web-share\" referrerpolicy=\"strict-origin-when-cross-origin\" allowfullscreen><\/iframe>\n<\/div><\/figure>\n","protected":false},"excerpt":{"rendered":"<p>Discipulado B\u00edblico Avanzado Horacio y Ada Cornelli: Yom Kipur &#8211; D\u00eda de Expiaci\u00f3n o del Perd\u00f3n Horacio y Ada Cornelli: Jesucristo te cambi\u00f3 el nombre Horacio y Ada Cornelli: El poder de Jesucristo resucitado Horacio y Ada Cornelli: La predicaci\u00f3n de gracia de Jesucristo Horacio y Ada Cornelli: Dios nos da el man\u00e1 para probarnoss<\/p>\n","protected":false},"author":2,"featured_media":0,"parent":0,"menu_order":0,"comment_status":"closed","ping_status":"closed","template":"","meta":{"footnotes":""},"class_list":["post-432","page","type-page","status-publish","hentry"],"_links":{"self":[{"href":"https:\/\/horaciocornelli.com\/facultad\/wp-json\/wp\/v2\/pages\/432","targetHints":{"allow":["GET"]}}],"collection":[{"href":"https:\/\/horaciocornelli.com\/facultad\/wp-json\/wp\/v2\/pages"}],"about":[{"href":"https:\/\/horaciocornelli.com\/facultad\/wp-json\/wp\/v2\/types\/page"}],"author":[{"embeddable":true,"href":"https:\/\/horaciocornelli.com\/facultad\/wp-json\/wp\/v2\/users\/2"}],"replies":[{"embeddable":true,"href":"https:\/\/horaciocornelli.com\/facultad\/wp-json\/wp\/v2\/comments?post=432"}],"version-history":[{"count":3,"href":"https:\/\/horaciocornelli.com\/facultad\/wp-json\/wp\/v2\/pages\/432\/revisions"}],"predecessor-version":[{"id":437,"href":"https:\/\/horaciocornelli.com\/facultad\/wp-json\/wp\/v2\/pages\/432\/revisions\/437"}],"wp:attachment":[{"href":"https:\/\/horaciocornelli.com\/facultad\/wp-json\/wp\/v2\/media?parent=432"}],"curies":[{"name":"wp","href":"https:\/\/api.w.org\/{rel}","templated":true}]}}