{"id":79,"date":"2025-02-12T13:22:22","date_gmt":"2025-02-12T13:22:22","guid":{"rendered":"https:\/\/horaciocornelli.com\/facultad\/?page_id=79"},"modified":"2025-03-21T11:09:02","modified_gmt":"2025-03-21T14:09:02","slug":"nosotros","status":"publish","type":"page","link":"https:\/\/horaciocornelli.com\/facultad\/nosotros\/","title":{"rendered":"Nosotros"},"content":{"rendered":"<h2><strong>Visi\u00f3n y misi\u00f3n:<\/strong><\/h2>\n<p>Dar formaci\u00f3n b\u00edblica integral para multiplicar y edificar la Iglesia de Dios, a trav\u00e9s de la ense\u00f1anza teol\u00f3gica y pr\u00e1ctica para el cumplimiento de la Gran Comisi\u00f3n.<\/p>\n<hr \/>\n<h2><a name=\"_Toc188543265\"><\/a><strong>Palabras de los Fundadores y Directores:<\/strong><\/h2>\n<p>La Facultad B\u00edblica Internacional ha sido creada en el a\u00f1o 2003 para ense\u00f1ar la Palabra de Dios expresada en las Sagradas Escrituras de una manera pr\u00e1ctica y productiva basada en el lema: \u201cMultiplicar y edificar la Iglesia de Dios\u201d, y funciona con el aval de Ministerio B\u00edblico Internacional (RNC 4397 \u2013 Rep\u00fablica Argentina).<\/p>\n<p>La Facultad B\u00edblica Internacional no tiene fin de lucro alguno, por esta raz\u00f3n informamos a priori, a todos los interesados, que existen dos niveles de acceso a los estudios brindados: 1) Acceso totalmente gratuito, requiri\u00e9ndose solamente la registraci\u00f3n; y 2) Realizando la inscripci\u00f3n y el pago de las donaciones m\u00ednimas solicitadas seg\u00fan Cat\u00e1logo, para compensar m\u00ednimamente el tiempo y el esfuerzo dedicado a la tarea de preparaci\u00f3n de material de estudio y el dictado de las clases. En esta segunda opci\u00f3n, los estudiantes recibir\u00e1n el Material de Estudio en formato pdf, podr\u00e1n rendir sus ex\u00e1menes y recibir el Diploma final de aprobaci\u00f3n de la Carrera o Curso.<\/p>\n<p>La Facultad B\u00edblica Internacional brinda las siguientes modalidades de formaci\u00f3n y capacitaci\u00f3n b\u00edblica, que se explican detalladamente en el Cat\u00e1logo:<\/p>\n<ul>\n<li>A Distancia<\/li>\n<li>Tutorial a Distancia<\/li>\n<\/ul>\n<p>Los lineamientos y dise\u00f1os curriculares han sido elaborados por docentes graduados y con gran experiencia ministerial. Por esta raz\u00f3n, en cada materia, podemos asegurar excelente nivel pedag\u00f3gico, s\u00f3lida fundamentaci\u00f3n b\u00edblica y claro enfoque en la multiplicaci\u00f3n y edificaci\u00f3n de la Iglesia, descartando la simple acumulaci\u00f3n de conocimientos y orientando la ense\u00f1anza-aprendizaje hacia una tarea formativa de los estudiantes.<\/p>\n<p>Servimos con la convicci\u00f3n de que todo creyente tiene el derecho de recibir una adecuada formaci\u00f3n b\u00edblica en su idioma y en su contexto cultural.<\/p>\n<p>Felicitamos a cada disc\u00edpulo que no se ha dejado vencer por los obst\u00e1culos y ha tomado la sabia decisi\u00f3n de capacitarse sistem\u00e1ticamente.<\/p>\n<p><strong>Dres. Horacio y Ada Cornelli<\/strong><\/p>\n<p><strong>Fundadores y Directores<\/strong><\/p>\n\n\n<figure class=\"wp-block-image size-large is-resized\"><img loading=\"lazy\" decoding=\"async\" width=\"1024\" height=\"809\" src=\"https:\/\/horaciocornelli.com\/facultad\/wp-content\/uploads\/2025\/03\/Ada-y-Horacio-Cornelli-sin-fondo-1024x809.png\" alt=\"\" class=\"wp-image-793\" style=\"width:330px;height:auto\" srcset=\"https:\/\/horaciocornelli.com\/facultad\/wp-content\/uploads\/2025\/03\/Ada-y-Horacio-Cornelli-sin-fondo-1024x809.png 1024w, https:\/\/horaciocornelli.com\/facultad\/wp-content\/uploads\/2025\/03\/Ada-y-Horacio-Cornelli-sin-fondo-300x237.png 300w, https:\/\/horaciocornelli.com\/facultad\/wp-content\/uploads\/2025\/03\/Ada-y-Horacio-Cornelli-sin-fondo-768x607.png 768w, https:\/\/horaciocornelli.com\/facultad\/wp-content\/uploads\/2025\/03\/Ada-y-Horacio-Cornelli-sin-fondo-1536x1213.png 1536w, https:\/\/horaciocornelli.com\/facultad\/wp-content\/uploads\/2025\/03\/Ada-y-Horacio-Cornelli-sin-fondo-2048x1618.png 2048w\" sizes=\"auto, (max-width: 1024px) 100vw, 1024px\" \/><\/figure>\n\n\n\n<p><\/p>\n\n\n\n<hr class=\"wp-block-separator has-alpha-channel-opacity\"\/>\n\n\n\n<h2 class=\"wp-block-heading\"><strong>Aval de Ministerio B\u00edblico Internacional<\/strong>:<\/h2>\n\n\n\n<p>La Facultad B\u00edblica Internacional ha sido creada en el a\u00f1o 2003 para ense\u00f1ar la Palabra de Dios expresada en las Sagradas Escrituras de una manera pr\u00e1ctica y productiva basada en el lema: \u201cMultiplicar y edificar la Iglesia de Dios\u201d, y funciona con el aval de Ministerio B\u00edblico Internacional (Registro Nacional de Cultos de la Naci\u00f3n n\u00famero 4397 \u2013 Rep\u00fablica Argentina).<\/p>\n\n\n\n<figure class=\"wp-block-image size-full is-resized\"><img loading=\"lazy\" decoding=\"async\" width=\"654\" height=\"662\" src=\"https:\/\/horaciocornelli.com\/facultad\/wp-content\/uploads\/2025\/03\/Logo-Ministerio-Biblico-PNG.png\" alt=\"\" class=\"wp-image-834\" style=\"width:301px;height:auto\" srcset=\"https:\/\/horaciocornelli.com\/facultad\/wp-content\/uploads\/2025\/03\/Logo-Ministerio-Biblico-PNG.png 654w, https:\/\/horaciocornelli.com\/facultad\/wp-content\/uploads\/2025\/03\/Logo-Ministerio-Biblico-PNG-296x300.png 296w\" sizes=\"auto, (max-width: 654px) 100vw, 654px\" \/><\/figure>\n\n\n\n<hr class=\"wp-block-separator has-alpha-channel-opacity\"\/>\n\n\n\n<p><\/p>\n\n\n\n<h2 class=\"wp-block-heading\"><strong>Comisi\u00f3n Directiva:<\/strong><\/h2>\n\n\n\n<p>Presidente: Lic. David R. Serafini<\/p>\n\n\n\n<p>Vicepresidente: Ing. Alejandro P\u00e9rez Baroni<\/p>\n\n\n\n<p>Secretaria: D\u00e9bora Sarmiento L\u00f3pez<\/p>\n\n\n\n<p>Tesorero: Lic. Nicol\u00e1s Ag\u00fcero<\/p>\n\n\n\n<p>Vocal: Lic. Walter D. Araya<\/p>\n\n\n\n<p>Vocal: Lic. Mariela Indarte<\/p>\n\n\n\n<p>Vocal: Lic. Flavia E. Basualdo<\/p>\n\n\n\n<p>Vocal: Lic. Roxana Gornik<\/p>\n\n\n\n<p><\/p>\n","protected":false},"excerpt":{"rendered":"<p>Visi\u00f3n y misi\u00f3n: Dar formaci\u00f3n b\u00edblica integral para multiplicar y edificar la Iglesia de Dios, a trav\u00e9s de la ense\u00f1anza teol\u00f3gica y pr\u00e1ctica para el cumplimiento de la Gran Comisi\u00f3n. Palabras de los Fundadores y Directores: La Facultad B\u00edblica Internacional ha sido creada en el a\u00f1o 2003 para ense\u00f1ar la Palabra de Dios expresada en [&hellip;]<\/p>\n","protected":false},"author":2,"featured_media":0,"parent":0,"menu_order":0,"comment_status":"open","ping_status":"closed","template":"","meta":{"footnotes":""},"class_list":["post-79","page","type-page","status-publish","hentry"],"_links":{"self":[{"href":"https:\/\/horaciocornelli.com\/facultad\/wp-json\/wp\/v2\/pages\/79","targetHints":{"allow":["GET"]}}],"collection":[{"href":"https:\/\/horaciocornelli.com\/facultad\/wp-json\/wp\/v2\/pages"}],"about":[{"href":"https:\/\/horaciocornelli.com\/facultad\/wp-json\/wp\/v2\/types\/page"}],"author":[{"embeddable":true,"href":"https:\/\/horaciocornelli.com\/facultad\/wp-json\/wp\/v2\/users\/2"}],"replies":[{"embeddable":true,"href":"https:\/\/horaciocornelli.com\/facultad\/wp-json\/wp\/v2\/comments?post=79"}],"version-history":[{"count":11,"href":"https:\/\/horaciocornelli.com\/facultad\/wp-json\/wp\/v2\/pages\/79\/revisions"}],"predecessor-version":[{"id":841,"href":"https:\/\/horaciocornelli.com\/facultad\/wp-json\/wp\/v2\/pages\/79\/revisions\/841"}],"wp:attachment":[{"href":"https:\/\/horaciocornelli.com\/facultad\/wp-json\/wp\/v2\/media?parent=79"}],"curies":[{"name":"wp","href":"https:\/\/api.w.org\/{rel}","templated":true}]}}