{"id":95,"date":"2025-02-12T14:36:12","date_gmt":"2025-02-12T14:36:12","guid":{"rendered":"https:\/\/horaciocornelli.com\/facultad\/?page_id=95"},"modified":"2025-02-12T14:37:18","modified_gmt":"2025-02-12T14:37:18","slug":"equipo","status":"publish","type":"page","link":"https:\/\/horaciocornelli.com\/facultad\/equipo\/","title":{"rendered":"Equipo"},"content":{"rendered":"<p><strong>Acreditaci\u00f3n de los fundadores y directores<\/strong><\/p>\n<p><strong>Horacio J. Cornelli:<\/strong> Doctor Honoris Causa en Divinidad, Doctor en Teolog\u00eda en Consejer\u00eda B\u00edblica, Master en Divinidad en Consejer\u00eda B\u00edblica, Contador P\u00fablico, Postgrado en Administraci\u00f3n y Gesti\u00f3n de Entidades Financieras, Profesor de Ciencias Econ\u00f3micas, Diplomado en Gesti\u00f3n P\u00fablica, Postgrado en Gesti\u00f3n Estrat\u00e9gica Local y Regional<\/p>\n<p><strong>Ada F. Bonavita:<\/strong> Doctora Honoris Causa en Divinidad, T\u00e9cnica Superior en Psicolog\u00eda Social, Operadora Social y Comunitaria, Licenciada en Ministerio Cristiano, Profesora de Escuelas Primarias y Secundarias, T\u00edtulo Universitario de Martillero y Corredor P\u00fablico<\/p>\n<p><strong>\u00a0<\/strong><\/p>\n<p><strong>\u00a0<\/strong><\/p>\n<p><strong>Cuerpo docente<\/strong><\/p>\n<p><strong>Lic. Horacio Semer\u00eda<\/strong><\/p>\n<p><strong>Lic. Daniela Serafini<\/strong><\/p>\n<p><strong>Lic. Nicol\u00e1s Ag\u00fcero<\/strong><\/p>\n<p><strong>Lic. Roxana Gornik<\/strong><\/p>\n<p><strong>Lic. Enzo Dom\u00ednguez<\/strong><\/p>\n<p><strong>Lic. David Serafini<\/strong><\/p>\n<p><strong>Lic. Flavia Basualdo<\/strong><\/p>\n<p><strong>Lic. Lucas Ag\u00fcero<\/strong><\/p>\n<p><strong>Lic. Romina Quevedo<\/strong><\/p>\n","protected":false},"excerpt":{"rendered":"<p>Acreditaci\u00f3n de los fundadores y directores Horacio J. Cornelli: Doctor Honoris Causa en Divinidad, Doctor en Teolog\u00eda en Consejer\u00eda B\u00edblica, Master en Divinidad en Consejer\u00eda B\u00edblica, Contador P\u00fablico, Postgrado en Administraci\u00f3n y Gesti\u00f3n de Entidades Financieras, Profesor de Ciencias Econ\u00f3micas, Diplomado en Gesti\u00f3n P\u00fablica, Postgrado en Gesti\u00f3n Estrat\u00e9gica Local y Regional Ada F. Bonavita: Doctora [&hellip;]<\/p>\n","protected":false},"author":2,"featured_media":0,"parent":0,"menu_order":0,"comment_status":"open","ping_status":"closed","template":"","meta":{"footnotes":""},"class_list":["post-95","page","type-page","status-publish","hentry"],"_links":{"self":[{"href":"https:\/\/horaciocornelli.com\/facultad\/wp-json\/wp\/v2\/pages\/95","targetHints":{"allow":["GET"]}}],"collection":[{"href":"https:\/\/horaciocornelli.com\/facultad\/wp-json\/wp\/v2\/pages"}],"about":[{"href":"https:\/\/horaciocornelli.com\/facultad\/wp-json\/wp\/v2\/types\/page"}],"author":[{"embeddable":true,"href":"https:\/\/horaciocornelli.com\/facultad\/wp-json\/wp\/v2\/users\/2"}],"replies":[{"embeddable":true,"href":"https:\/\/horaciocornelli.com\/facultad\/wp-json\/wp\/v2\/comments?post=95"}],"version-history":[{"count":1,"href":"https:\/\/horaciocornelli.com\/facultad\/wp-json\/wp\/v2\/pages\/95\/revisions"}],"predecessor-version":[{"id":96,"href":"https:\/\/horaciocornelli.com\/facultad\/wp-json\/wp\/v2\/pages\/95\/revisions\/96"}],"wp:attachment":[{"href":"https:\/\/horaciocornelli.com\/facultad\/wp-json\/wp\/v2\/media?parent=95"}],"curies":[{"name":"wp","href":"https:\/\/api.w.org\/{rel}","templated":true}]}}